{"id":1119,"date":"2023-04-14T09:49:47","date_gmt":"2023-04-14T09:49:47","guid":{"rendered":"https:\/\/wpriverthemes.com\/gridx\/?page_id=1119"},"modified":"2024-10-17T08:49:37","modified_gmt":"2024-10-17T08:49:37","slug":"service-offerings","status":"publish","type":"page","link":"https:\/\/spletna-izdelava.si\/sl\/service-offerings\/","title":{"rendered":"SERVICE OFFERING"},"content":{"rendered":"<div data-elementor-type=\"wp-page\" data-elementor-id=\"1119\" class=\"elementor elementor-1119\">\n\t\t\t\t\t\t<section class=\"elementor-section elementor-top-section elementor-element elementor-element-b14e50e elementor-section-boxed elementor-section-height-default elementor-section-height-default\" data-id=\"b14e50e\" data-element_type=\"section\">\n\t\t\t\t\t\t<div class=\"elementor-container elementor-column-gap-default\">\n\t\t\t\t\t<div class=\"elementor-column elementor-col-100 elementor-top-column elementor-element elementor-element-c5c81c8\" data-id=\"c5c81c8\" data-element_type=\"column\">\n\t\t\t<div class=\"elementor-widget-wrap elementor-element-populated\">\n\t\t\t\t\t\t<div class=\"elementor-element elementor-element-54f7dd9 elementor-widget__width-initial elementor-widget elementor-widget-gridxdaservicecontentbox\" data-id=\"54f7dd9\" data-element_type=\"widget\" data-widget_type=\"gridxdaservicecontentbox.default\">\n\t\t\t\t<div class=\"elementor-widget-container\">\n\t\t\t\n         <!-- Start AboutDetail\n    ============================================= -->\n\n\n\n    <!-- Content -->\n   \n        <h1 class=\"section-heading\" data-aos=\"fade-up\">\t\t\t\t\n<img decoding=\"async\" src=\"https:\/\/spletna-izdelava.si\/wp-content\/themes\/gridx\/assets\/images\/star-2.png\" alt=\"Star\">\n\t\t\t\t\t\t\nStoritve\t\t\t\t\n<img decoding=\"async\" src=\"https:\/\/spletna-izdelava.si\/wp-content\/themes\/gridx\/assets\/images\/star-2.png\" alt=\"Star\">\n\t\t\t\t\t\t\n<\/h1>\n\n        <div class=\"service-content-wrap\" data-aos=\"zoom-in\">\n            <div class=\"service-content-inner shadow-box\">\n                <div class=\"service-items\">\n                                    <div class=\"service-item\">\n                        <h3>WEB PROGRAMIRANJE<\/h3>\n                        <p>Kot spletni razvijalec sem specializiran za ustvarjanje in vzdr\u017eevanje spletnih mest in spletnih aplikacij. Osredoto\u010dam se na razvoj sprednjega in zadnjega dela ter zagotavljam, da je za vsak projekt zna\u010dilno odzivno oblikovanje, zdru\u017eljivost z razli\u010dnimi brskalniki in optimalna zmogljivost. Upravljam podatkovne zbirke, izvajam skriptiranje na strani stre\u017enika, vklju\u010dujem vmesnike API in prednostno skrbim za zanesljivo spletno varnost. Nenehno u\u010denje in sodelovanje sta sestavni del mojega pristopa, kar mi omogo\u010da prilagajanje in odli\u010dnost v nenehno razvijajo\u010dem se okolju spletnega razvoja.\n\nTranslated with DeepL.com (free version)<\/p>\n                    <\/div>\n                                        <div class=\"service-item\">\n                        <h3>Grafi\u010dno oblikovanje<\/h3>\n                        <p>Ustvarjam oblikovalske re\u0161itve za blagovne znamke in sem specializiran za oblikovanje prepoznavnih vizualnih identitet. Osredoto\u010dam se na avtenti\u010dno in vplivno oblikovanje, od oblikovanja logotipa, oblikovanja UX do tiskanih materialov in blagovnih znamk. S poudarkom na pripovedovanju zgodb in koheziji blagovne znamke si prizadevam ustvariti pomembne izku\u0161nje, ki bodo odmevale pri va\u0161em ob\u010dinstvu. Ne glede na to, ali gre za vizitko ali oblikovanje majice, se vsakega projekta lotim s predanostjo in ustvarjalnostjo. Sodelujmo in uresni\u010dimo vizijo va\u0161e blagovne znamke.\n\nTranslated with DeepL.com (free version)<\/p>\n                    <\/div>\n                                        <div class=\"service-item\">\n                        <h3>Promocijski izdelki in print<\/h3>\n                        <p>Z ve\u010d kot desetletjem izku\u0161enj na podro\u010dju oblikovanja in tiskanja, ki sem jih pridobil z dolgoletnim delom v dru\u017einskem podjetju, sem specializiran za pove\u010danje prisotnosti va\u0161e blagovne znamke s celovito ponudbo promocijskih re\u0161itev, prilagojenih va\u0161im potrebam. Moj izbor promocijskih izdelkov vklju\u010duje vse od klasi\u010dnih do najsodobnej\u0161ih tehnolo\u0161kih pripomo\u010dkov, od majic, pisal in zvezkov do visokotehnolo\u0161kih dodatkov, kar zagotavlja, da va\u0161a blagovna znamka izstopa v vsakem okolju.\nZ natan\u010dnimi tiskarskimi tehnikami in vezenjem tiskamo na vse materiale, kot so papir, tekstil, les, kovina itd.\n\nTranslated with DeepL.com (free version)\n<\/p>\n                    <\/div>\n                                        <div class=\"service-item\">\n                        <h3>Re\u0161itve po meri<\/h3>\n                        <p>Na podro\u010dju digitalnih re\u0161itev po meri sem odli\u010den pri izdelavi aplikacij, ki vklju\u010dujejo sisteme rezervacij in drugo. Moje strokovno znanje se razteza na brezhibne integracije, vklju\u010dno s pla\u010dilnimi prehodi, kar pove\u010duje funkcionalnost in vsestranskost vsakega projekta. Z zdru\u017eitvijo sprednjega in zadnjega dela skrbno oblikujem vmesnike in izvajam zapletene funkcionalnosti. Z zavezanostjo k natan\u010dnosti in inovativnosti se nenehno u\u010dim in sodelujem, da zagotovim, da je vsaka re\u0161itev natan\u010dno prilagojena posebnim potrebam mojih strank, kar izbolj\u0161a njihovo digitalno prisotnost z odli\u010dnostjo po meri.<\/p>\n                    <\/div>\n                                    <\/div>\n            <\/div>\n        <\/div>\n \n  <script>\n\t\tAOS.init({\n\t\t\tduration: 1500,\n\t\t\tonce: true,\n\n\t\t});\n<\/script>\n\n    \t\t<\/div>\n\t\t\t\t<\/div>\n\t\t\t\t\t<\/div>\n\t\t<\/div>\n\t\t\t\t\t<\/div>\n\t\t<\/section>\n\t\t\t\t<section class=\"elementor-section elementor-top-section elementor-element elementor-element-d3ed86a elementor-section-boxed elementor-section-height-default elementor-section-height-default\" data-id=\"d3ed86a\" data-element_type=\"section\">\n\t\t\t\t\t\t<div class=\"elementor-container elementor-column-gap-default\">\n\t\t\t\t\t<div class=\"elementor-column elementor-col-100 elementor-top-column elementor-element elementor-element-73c83d4\" data-id=\"73c83d4\" data-element_type=\"column\">\n\t\t\t<div class=\"elementor-widget-wrap elementor-element-populated\">\n\t\t\t\t\t\t<section class=\"elementor-section elementor-inner-section elementor-element elementor-element-e33f508 elementor-section-boxed elementor-section-height-default elementor-section-height-default\" data-id=\"e33f508\" data-element_type=\"section\">\n\t\t\t\t\t\t<div class=\"elementor-container elementor-column-gap-default\">\n\t\t\t\t\t<div class=\"elementor-column elementor-col-33 elementor-inner-column elementor-element elementor-element-822f062\" data-id=\"822f062\" data-element_type=\"column\">\n\t\t\t<div class=\"elementor-widget-wrap elementor-element-populated\">\n\t\t\t\t\t\t<div class=\"elementor-element elementor-element-031f9cc elementor-widget elementor-widget-gridxdaprofilesbox\" data-id=\"031f9cc\" data-element_type=\"widget\" data-widget_type=\"gridxdaprofilesbox.default\">\n\t\t\t\t<div class=\"elementor-widget-container\">\n\t\t\t\n         <!-- Start Profiles Box\n    ============================================= -->\n\n<div class=\"col-md-12\">\n        <div class=\"blog-service-profile-wrap\">\n\n     <div data-aos=\"zoom-in\" class=\"about-profile-box-wrap\">\n        <div class=\"about-profile-box info-box shadow-box h-full\">\n            \t\t\t\t\n<img decoding=\"async\" src=\"https:\/\/spletna-izdelava.si\/wp-content\/uploads\/2023\/04\/bg1.png\" alt=\"BG\" class=\"bg-img\">\n\t\t\t\t\n\t\t\t\n            <div class=\"inner-profile-icons shadow-box\">\n                \n                <a href=\"#\">\n                    <i class=\"iconoir-instagram\"><\/i>\n                <\/a>\n\n                <a href=\"#\">\n                    <i class=\"iconoir-facebook\"><\/i>\n                <\/a>\n                \n            <\/div>\n            <div class=\"d-flex align-items-center justify-content-between\">\n                <div class=\"infos\">\n                    <h4>Social media<\/h4>\n                    <h1>Profili<\/h1>\n                <\/div>\n\n                <a href=\"https:\/\/spletna-izdelava.si\/sl\/contact-info\/\" class=\"about-btn\">\n                   \t\t\t\t\n<img decoding=\"async\" src=\"https:\/\/spletna-izdelava.si\/wp-content\/themes\/gridx\/assets\/images\/icon.svg\" alt=\"Button\">\n\t\t\t\t\t\t\n                <\/a>\n\n            <\/div>\n        <\/div>\n    <\/div>\n<\/div>\n<\/div>\n\n\n  <script>\n    AOS.init({\n        duration: 1500,\n        once: true,\n\n    });<\/script>                \n\n    \t\t<\/div>\n\t\t\t\t<\/div>\n\t\t\t\t\t<\/div>\n\t\t<\/div>\n\t\t\t\t<div class=\"elementor-column elementor-col-33 elementor-inner-column elementor-element elementor-element-e325eec\" data-id=\"e325eec\" data-element_type=\"column\">\n\t\t\t<div class=\"elementor-widget-wrap elementor-element-populated\">\n\t\t\t\t\t\t<div class=\"elementor-element elementor-element-983e78f elementor-widget elementor-widget-gridxdacontactbox\" data-id=\"983e78f\" data-element_type=\"widget\" data-widget_type=\"gridxdacontactbox.default\">\n\t\t\t\t<div class=\"elementor-widget-container\">\n\t\t\t\n         <!-- Start Contact Box\n    ============================================= -->\n     \n    \n<div data-aos=\"zoom-in\" class=\"about-contact-box-wrap\">\n        \n    <div class=\"about-contact-box info-box shadow-box\">\n        <a class=\"overlay-link\" href=\"https:\/\/spletna-izdelava.si\/sl\/contact-info\/\"><\/a>\n        \t\t\t\t\n<img decoding=\"async\" src=\"https:\/\/spletna-izdelava.si\/wp-content\/uploads\/2023\/04\/bg1.png\" alt=\"BG\" class=\"bg-img\">\n\t\t\t\t\n\t\t\t\t\n<img decoding=\"async\" src=\"https:\/\/spletna-izdelava.si\/wp-content\/themes\/gridx\/assets\/images\/icon2.png\" alt=\"Icon\" class=\"star-icon\">\n\t\t\t\t\t\t\n\t\t\n       \n        <h1>Za\u010dnimo <br>s <span>projektom.<\/h1>\n        <a href=\"https:\/\/spletna-izdelava.si\/sl\/contact-info\/\" class=\"about-btn\">\n            \t\t\t\t\n<img decoding=\"async\" src=\"https:\/\/spletna-izdelava.si\/wp-content\/themes\/gridx\/assets\/images\/icon.svg\" alt=\"Button\">\n\t\t\t\t\t\t\n        <\/a>\n    <\/div>\n\n<\/div>\n\n<script>\n    AOS.init({\n        duration: 1500,\n        once: true,\n\n    });<\/script>\n                 \n\n    \t\t<\/div>\n\t\t\t\t<\/div>\n\t\t\t\t\t<\/div>\n\t\t<\/div>\n\t\t\t\t<div class=\"elementor-column elementor-col-33 elementor-inner-column elementor-element elementor-element-f093cd1\" data-id=\"f093cd1\" data-element_type=\"column\">\n\t\t\t<div class=\"elementor-widget-wrap elementor-element-populated\">\n\t\t\t\t\t\t<div class=\"elementor-element elementor-element-ee2d870 elementor-widget elementor-widget-gridxdacredentialbox\" data-id=\"ee2d870\" data-element_type=\"widget\" data-widget_type=\"gridxdacredentialbox.default\">\n\t\t\t\t<div class=\"elementor-widget-container\">\n\t\t\t\n         <!-- Start Credentials Box\n    ============================================= -->\n    <div data-aos=\"zoom-in\" class=\"about-crenditials-box\">\n            <div class=\"info-box shadow-box h-full\">\n                <a class=\"overlay-link\" href=\"https:\/\/spletna-izdelava.si\/sl\/credentials\/\"><\/a>\n\t\t\t\t\n\t\t\t\t\n<img decoding=\"async\" src=\"https:\/\/spletna-izdelava.si\/wp-content\/uploads\/2023\/04\/bg1.png\" alt=\"BG\" class=\"bg-img\">\n\t\t\t\t\n\t\t\t\t\n<img decoding=\"async\" src=\"https:\/\/spletna-izdelava.si\/wp-content\/uploads\/2024\/06\/Asset-13signature.png\" alt=\"Sign\">\n                <div class=\"d-flex align-items-center justify-content-between\">\n                    <div class=\"infos\">\n                        <h4>VE\u010c O MENI<\/h4>\n                        <h1>Bio<\/h1>\n                    <\/div>\n\n                    <a href=\"https:\/\/spletna-izdelava.si\/sl\/credentials\/\" class=\"about-btn\">\n\t\t\t\t\t\t\n\t\t\t\t\n<img decoding=\"async\" src=\"https:\/\/spletna-izdelava.si\/wp-content\/themes\/gridx\/assets\/images\/icon.svg\" alt=\"Button\">\n\t\t\t\t\t\t\n                        \n                    <\/a>\n                <\/div>\n            <\/div>\n    <\/div>\n\n\n    <script>\n    AOS.init({\n        duration: 1500,\n        once: true,\n\n    });<\/script>     \n\n    \t\t<\/div>\n\t\t\t\t<\/div>\n\t\t\t\t\t<\/div>\n\t\t<\/div>\n\t\t\t\t\t<\/div>\n\t\t<\/section>\n\t\t\t\t\t<\/div>\n\t\t<\/div>\n\t\t\t\t\t<\/div>\n\t\t<\/section>\n\t\t\t\t<\/div>","protected":false},"excerpt":{"rendered":"<p>What I Offer WEB DEVELOPMENT As a web developer, I specialize in creating and maintaining websites and web applications. My focus encompasses both front-end and back-end development, ensuring that every project is characterized by responsive design, cross-browser compatibility, and optimal performance. I handle databases, implement server-side scripting, integrate APIs, and prioritize robust web security. Continuous [&hellip;]<\/p>","protected":false},"author":1,"featured_media":0,"parent":0,"menu_order":0,"comment_status":"closed","ping_status":"closed","template":"page-templates\/main-service.php","meta":{"_acf_changed":false,"footnotes":""},"class_list":["post-1119","page","type-page","status-publish","hentry"],"acf":[],"yoast_head":"<!-- This site is optimized with the Yoast SEO plugin v25.9 - https:\/\/yoast.com\/wordpress\/plugins\/seo\/ -->\n<title>SERVICE OFFERING - Spletna Izdelava<\/title>\n<meta name=\"robots\" content=\"index, follow, max-snippet:-1, max-image-preview:large, max-video-preview:-1\" \/>\n<link rel=\"canonical\" href=\"https:\/\/spletna-izdelava.si\/sl\/service-offerings\/\" \/>\n<meta property=\"og:locale\" content=\"sl_SI\" \/>\n<meta property=\"og:type\" content=\"article\" \/>\n<meta property=\"og:title\" content=\"SERVICE OFFERING - Spletna Izdelava\" \/>\n<meta property=\"og:description\" content=\"What I Offer WEB DEVELOPMENT As a web developer, I specialize in creating and maintaining websites and web applications. My focus encompasses both front-end and back-end development, ensuring that every project is characterized by responsive design, cross-browser compatibility, and optimal performance. I handle databases, implement server-side scripting, integrate APIs, and prioritize robust web security. Continuous [&hellip;]\" \/>\n<meta property=\"og:url\" content=\"https:\/\/spletna-izdelava.si\/sl\/service-offerings\/\" \/>\n<meta property=\"og:site_name\" content=\"Spletna Izdelava\" \/>\n<meta property=\"article:modified_time\" content=\"2024-10-17T08:49:37+00:00\" \/>\n<meta property=\"og:image\" content=\"https:\/\/spletna-izdelava.si\/wp-content\/themes\/gridx\/assets\/images\/star-2.png\" \/>\n<meta name=\"twitter:card\" content=\"summary_large_image\" \/>\n<meta name=\"twitter:label1\" content=\"Est. reading time\" \/>\n\t<meta name=\"twitter:data1\" content=\"2 minuti\" \/>\n<script type=\"application\/ld+json\" class=\"yoast-schema-graph\">{\"@context\":\"https:\/\/schema.org\",\"@graph\":[{\"@type\":\"WebPage\",\"@id\":\"https:\/\/spletna-izdelava.si\/service-offerings\/\",\"url\":\"https:\/\/spletna-izdelava.si\/service-offerings\/\",\"name\":\"SERVICE OFFERING - Spletna Izdelava\",\"isPartOf\":{\"@id\":\"https:\/\/spletna-izdelava.si\/#website\"},\"primaryImageOfPage\":{\"@id\":\"https:\/\/spletna-izdelava.si\/service-offerings\/#primaryimage\"},\"image\":{\"@id\":\"https:\/\/spletna-izdelava.si\/service-offerings\/#primaryimage\"},\"thumbnailUrl\":\"https:\/\/spletna-izdelava.si\/wp-content\/themes\/gridx\/assets\/images\/star-2.png\",\"datePublished\":\"2023-04-14T09:49:47+00:00\",\"dateModified\":\"2024-10-17T08:49:37+00:00\",\"breadcrumb\":{\"@id\":\"https:\/\/spletna-izdelava.si\/service-offerings\/#breadcrumb\"},\"inLanguage\":\"sl-SI\",\"potentialAction\":[{\"@type\":\"ReadAction\",\"target\":[\"https:\/\/spletna-izdelava.si\/service-offerings\/\"]}]},{\"@type\":\"ImageObject\",\"inLanguage\":\"sl-SI\",\"@id\":\"https:\/\/spletna-izdelava.si\/service-offerings\/#primaryimage\",\"url\":\"https:\/\/spletna-izdelava.si\/wp-content\/themes\/gridx\/assets\/images\/star-2.png\",\"contentUrl\":\"https:\/\/spletna-izdelava.si\/wp-content\/themes\/gridx\/assets\/images\/star-2.png\"},{\"@type\":\"BreadcrumbList\",\"@id\":\"https:\/\/spletna-izdelava.si\/service-offerings\/#breadcrumb\",\"itemListElement\":[{\"@type\":\"ListItem\",\"position\":1,\"name\":\"Home\",\"item\":\"https:\/\/spletna-izdelava.si\/\"},{\"@type\":\"ListItem\",\"position\":2,\"name\":\"SERVICE OFFERING\"}]},{\"@type\":\"WebSite\",\"@id\":\"https:\/\/spletna-izdelava.si\/#website\",\"url\":\"https:\/\/spletna-izdelava.si\/\",\"name\":\"Spletna Izdelava\",\"description\":\"Full Stack Web Development\",\"publisher\":{\"@id\":\"https:\/\/spletna-izdelava.si\/#organization\"},\"potentialAction\":[{\"@type\":\"SearchAction\",\"target\":{\"@type\":\"EntryPoint\",\"urlTemplate\":\"https:\/\/spletna-izdelava.si\/?s={search_term_string}\"},\"query-input\":{\"@type\":\"PropertyValueSpecification\",\"valueRequired\":true,\"valueName\":\"search_term_string\"}}],\"inLanguage\":\"sl-SI\"},{\"@type\":\"Organization\",\"@id\":\"https:\/\/spletna-izdelava.si\/#organization\",\"name\":\"Spletna Izdelava\",\"url\":\"https:\/\/spletna-izdelava.si\/\",\"logo\":{\"@type\":\"ImageObject\",\"inLanguage\":\"sl-SI\",\"@id\":\"https:\/\/spletna-izdelava.si\/#\/schema\/logo\/image\/\",\"url\":\"https:\/\/spletna-izdelava.si\/wp-content\/uploads\/2024\/05\/Asset-2owl-tribe-logo.png\",\"contentUrl\":\"https:\/\/spletna-izdelava.si\/wp-content\/uploads\/2024\/05\/Asset-2owl-tribe-logo.png\",\"width\":66,\"height\":64,\"caption\":\"Spletna Izdelava\"},\"image\":{\"@id\":\"https:\/\/spletna-izdelava.si\/#\/schema\/logo\/image\/\"}}]}<\/script>\n<!-- \/ Yoast SEO plugin. -->","yoast_head_json":{"title":"SERVICE OFFERING - Spletna Izdelava","robots":{"index":"index","follow":"follow","max-snippet":"max-snippet:-1","max-image-preview":"max-image-preview:large","max-video-preview":"max-video-preview:-1"},"canonical":"https:\/\/spletna-izdelava.si\/sl\/service-offerings\/","og_locale":"sl_SI","og_type":"article","og_title":"SERVICE OFFERING - Spletna Izdelava","og_description":"What I Offer WEB DEVELOPMENT As a web developer, I specialize in creating and maintaining websites and web applications. My focus encompasses both front-end and back-end development, ensuring that every project is characterized by responsive design, cross-browser compatibility, and optimal performance. I handle databases, implement server-side scripting, integrate APIs, and prioritize robust web security. Continuous [&hellip;]","og_url":"https:\/\/spletna-izdelava.si\/sl\/service-offerings\/","og_site_name":"Spletna Izdelava","article_modified_time":"2024-10-17T08:49:37+00:00","og_image":[{"url":"https:\/\/spletna-izdelava.si\/wp-content\/themes\/gridx\/assets\/images\/star-2.png","type":"","width":"","height":""}],"twitter_card":"summary_large_image","twitter_misc":{"Est. reading time":"2 minuti"},"schema":{"@context":"https:\/\/schema.org","@graph":[{"@type":"WebPage","@id":"https:\/\/spletna-izdelava.si\/service-offerings\/","url":"https:\/\/spletna-izdelava.si\/service-offerings\/","name":"SERVICE OFFERING - Spletna Izdelava","isPartOf":{"@id":"https:\/\/spletna-izdelava.si\/#website"},"primaryImageOfPage":{"@id":"https:\/\/spletna-izdelava.si\/service-offerings\/#primaryimage"},"image":{"@id":"https:\/\/spletna-izdelava.si\/service-offerings\/#primaryimage"},"thumbnailUrl":"https:\/\/spletna-izdelava.si\/wp-content\/themes\/gridx\/assets\/images\/star-2.png","datePublished":"2023-04-14T09:49:47+00:00","dateModified":"2024-10-17T08:49:37+00:00","breadcrumb":{"@id":"https:\/\/spletna-izdelava.si\/service-offerings\/#breadcrumb"},"inLanguage":"sl-SI","potentialAction":[{"@type":"ReadAction","target":["https:\/\/spletna-izdelava.si\/service-offerings\/"]}]},{"@type":"ImageObject","inLanguage":"sl-SI","@id":"https:\/\/spletna-izdelava.si\/service-offerings\/#primaryimage","url":"https:\/\/spletna-izdelava.si\/wp-content\/themes\/gridx\/assets\/images\/star-2.png","contentUrl":"https:\/\/spletna-izdelava.si\/wp-content\/themes\/gridx\/assets\/images\/star-2.png"},{"@type":"BreadcrumbList","@id":"https:\/\/spletna-izdelava.si\/service-offerings\/#breadcrumb","itemListElement":[{"@type":"ListItem","position":1,"name":"Home","item":"https:\/\/spletna-izdelava.si\/"},{"@type":"ListItem","position":2,"name":"SERVICE OFFERING"}]},{"@type":"WebSite","@id":"https:\/\/spletna-izdelava.si\/#website","url":"https:\/\/spletna-izdelava.si\/","name":"Spletna Izdelava","description":"Full Stack Web Development","publisher":{"@id":"https:\/\/spletna-izdelava.si\/#organization"},"potentialAction":[{"@type":"SearchAction","target":{"@type":"EntryPoint","urlTemplate":"https:\/\/spletna-izdelava.si\/?s={search_term_string}"},"query-input":{"@type":"PropertyValueSpecification","valueRequired":true,"valueName":"search_term_string"}}],"inLanguage":"sl-SI"},{"@type":"Organization","@id":"https:\/\/spletna-izdelava.si\/#organization","name":"Spletna Izdelava","url":"https:\/\/spletna-izdelava.si\/","logo":{"@type":"ImageObject","inLanguage":"sl-SI","@id":"https:\/\/spletna-izdelava.si\/#\/schema\/logo\/image\/","url":"https:\/\/spletna-izdelava.si\/wp-content\/uploads\/2024\/05\/Asset-2owl-tribe-logo.png","contentUrl":"https:\/\/spletna-izdelava.si\/wp-content\/uploads\/2024\/05\/Asset-2owl-tribe-logo.png","width":66,"height":64,"caption":"Spletna Izdelava"},"image":{"@id":"https:\/\/spletna-izdelava.si\/#\/schema\/logo\/image\/"}}]}},"_links":{"self":[{"href":"https:\/\/spletna-izdelava.si\/sl\/wp-json\/wp\/v2\/pages\/1119","targetHints":{"allow":["GET"]}}],"collection":[{"href":"https:\/\/spletna-izdelava.si\/sl\/wp-json\/wp\/v2\/pages"}],"about":[{"href":"https:\/\/spletna-izdelava.si\/sl\/wp-json\/wp\/v2\/types\/page"}],"author":[{"embeddable":true,"href":"https:\/\/spletna-izdelava.si\/sl\/wp-json\/wp\/v2\/users\/1"}],"replies":[{"embeddable":true,"href":"https:\/\/spletna-izdelava.si\/sl\/wp-json\/wp\/v2\/comments?post=1119"}],"version-history":[{"count":61,"href":"https:\/\/spletna-izdelava.si\/sl\/wp-json\/wp\/v2\/pages\/1119\/revisions"}],"predecessor-version":[{"id":3751,"href":"https:\/\/spletna-izdelava.si\/sl\/wp-json\/wp\/v2\/pages\/1119\/revisions\/3751"}],"wp:attachment":[{"href":"https:\/\/spletna-izdelava.si\/sl\/wp-json\/wp\/v2\/media?parent=1119"}],"curies":[{"name":"wp","href":"https:\/\/api.w.org\/{rel}","templated":true}]}}