{"id":1065,"date":"2023-04-13T10:43:01","date_gmt":"2023-04-13T10:43:01","guid":{"rendered":"https:\/\/wpriverthemes.com\/gridx\/?page_id=1065"},"modified":"2024-10-17T10:05:13","modified_gmt":"2024-10-17T10:05:13","slug":"credentials","status":"publish","type":"page","link":"https:\/\/spletna-izdelava.si\/sl\/credentials\/","title":{"rendered":"CREDENTIALS PAGE"},"content":{"rendered":"<div data-elementor-type=\"wp-page\" data-elementor-id=\"1065\" class=\"elementor elementor-1065\">\n\t\t\t\t\t\t<section class=\"elementor-section elementor-top-section elementor-element elementor-element-6d57135 elementor-section-boxed elementor-section-height-default elementor-section-height-default\" data-id=\"6d57135\" data-element_type=\"section\">\n\t\t\t\t\t\t<div class=\"elementor-container elementor-column-gap-no\">\n\t\t\t\t\t<div class=\"elementor-column elementor-col-100 elementor-top-column elementor-element elementor-element-2705f96 margin-0\" data-id=\"2705f96\" data-element_type=\"column\">\n\t\t\t<div class=\"elementor-widget-wrap elementor-element-populated\">\n\t\t\t\t\t\t<div class=\"elementor-element elementor-element-200195f elementor-widget elementor-widget-html\" data-id=\"200195f\" data-element_type=\"widget\" data-widget_type=\"html.default\">\n\t\t\t\t<div class=\"elementor-widget-container\">\n\t\t\t<style>\n    .page-id-1065 .social-links{\n        display: none !important;\n    }\n<\/style>\t\t<\/div>\n\t\t\t\t<\/div>\n\t\t\t\t<div class=\"elementor-element elementor-element-35461e7 elementor-widget elementor-widget-gridxdacredentialcontentbox\" data-id=\"35461e7\" data-element_type=\"widget\" data-widget_type=\"gridxdacredentialcontentbox.default\">\n\t\t\t\t<div class=\"elementor-widget-container\">\n\t\t\t\n         <!-- Start Credentials Content Box\n    ============================================= -->\n\n<div class=\"credential-content flex-1\">\n        <div class=\"credential-about\" data-aos=\"zoom-in\">\n            <h2>O Meni<\/h2>\n            <p>Sem spletni razvijalec in oblikovalec, ki rad pretvarja ideje v uporabne in u\u010dinkovite spletne re\u0161itve. \u017de leta delam v svetu digitala, kjer dajem poudarek jasnosti, funkcionalnosti in dobri uporabni\u0161ki izku\u0161nji. Poleg razvoja nudim tudi SEO in osnovne marketin\u0161ke storitve, da lahko va\u0161 projekt dose\u017ee \u010dim bolj\u0161e rezultate.\n\n<\/p>\n        <\/div>\n\n        <div class=\"credential-edc-exp credential-experience\">\n            <h2 data-aos=\"fade-up\">IZKU\u0160NJE<\/h2>\n                         <div class=\"credential-edc-exp-item\" data-aos=\"zoom-in\">\n                <h4>2017 - 2017<\/h4>\n                <h3>NUK Digital Content Department<\/h3>\n                <h5>Web Programmer<\/h5>\n                <p>Digitalna knji\u017enica Slovenije - dLib.si omogo\u010da dostop do \u0161iroke palete digitalnih vsebin s podro\u010dja znanosti, umetnosti in kulture. Med pripravni\u0161tvom sem bil odgovoren za izdelavo razli\u010dnih grafi\u010dnih vmesnikov in za grafi\u010dno predstavitev statisti\u010dnih podatkov na dLib.si.<\/p>\n            <\/div>\n                         <div class=\"credential-edc-exp-item\" data-aos=\"zoom-in\">\n                <h4>2015 - Present<\/h4>\n                <h3>Shop Esquire<\/h3>\n                <h5>Business owner, Developer, Designer<\/h5>\n                <p>Shop Esquire je spletna trgovina, ki sem jo ustanovil skupaj s prijateljem, iz najine skupne strasti do edinstvenih majic. Prevzel sem vodstvo pri zasnovi in izdelavi najine prve WordPress spletne strani, od takrat pa skrbim tudi za administracijo, pisarni\u0161ka opravila, po\u0161iljanje in tiskanje.<\/p>\n            <\/div>\n                         <div class=\"credential-edc-exp-item\" data-aos=\"zoom-in\">\n                <h4>2016 - 2021<\/h4>\n                <h3>Saprima d.o.o.<\/h3>\n                <h5>Designer, Sales and Print Managment<\/h5>\n                <p>\nSaprima d.o.o. je dru\u017einsko podjetje, specializirano za promocijo. Ob\u010dasno pomagam pri prodaji, oblikovanju razli\u010dnih tiskovin, tiskanju in spletnem programiranju. S svojim delom sem pridobil dragocen vpogled v delovanje podjetja, poslovne procese, nabavo, oskrbo in prodajo. Spoznal sem pomen dobrega sistema CRM, zadovoljstva strank in u\u010dinkovite komunikacije.\n\nIzku\u0161nje:\n\nOblikoval sem ve\u010d kot 200 razli\u010dnih modelov, grafik in tiskovin za razli\u010dne stranke, \npripravljal grafike in datoteke za razli\u010dne tehnike tiskanja, razvoj spletnih strani. \nNatisnil ve\u010d kot tiso\u010d tiskovin, kot so majice, kapuce, vre\u010dke itd., z uporabo razli\u010dnih tiskarskih tehnik.<\/p>\n            <\/div>\n                         <div class=\"credential-edc-exp-item\" data-aos=\"zoom-in\">\n                <h4>2019 - 2021<\/h4>\n                <h3>Etos Solutions d.o.o.<\/h3>\n                <h5>Full Stack Developer and Designer<\/h5>\n                <p>V podjetju Etos d.o.o. sem ob\u010dasno sodeloval pri razli\u010dnih projektih in si tako pridobil dragocene izku\u0161nje v dinami\u010dnem okolju. Spoznal sem celoten cikel razvoja programske opreme, od analize, na\u010drtovanja in oblikovanja do izvajanja in testiranja. Delal sem samostojno in kot del ekipe, sodeloval z oblikovalci, strankami in vodji projektov. Moje odgovornosti so vklju\u010devale predvsem analizo in na\u010drtovanje spletnih strani, razvoj sprednjega dela, testiranje, odpravljanje napak in oblikovanje. Izbolj\u0161al sem svoje znanje jezikov PHP, CSS in JavaScript ter samostojno razvil spletno stran za ve\u010dje slovensko podjetje.\n\nZaklju\u010deni projekti:\n\nKrkolesarim.si,\n\u0160portno dru\u0161tvo T2, \nViviot.net, \nEtos.si, \nGeoplin.si.<\/p>\n            <\/div>\n                         <div class=\"credential-edc-exp-item\" data-aos=\"zoom-in\">\n                <h4>2021 - Present<\/h4>\n                <h3>HS Plus d.o.o.<\/h3>\n                <h5>Full Stack &amp; WordPress developer<\/h5>\n                <p>V podjetju HS Plus, ki je specializirano za ustvarjanje spletnih trgovin in optimizacijo procesov spletne prodaje, aktivno sodelujem pri razvoju integracij za po\u0161iljanje, poprodajne akcije po nakupu in razli\u010dne izbolj\u0161ave za izbolj\u0161anje nakupovalnega toka. Ta vloga mi je omogo\u010dila, da prispevam k dinami\u010dnemu in hitro razvijajo\u010demu se okolju, kjer si nenehno prizadevam za izpopolnjevanje in racionalizacijo re\u0161itev e-trgovine, da bi pove\u010dal zadovoljstvo strank in operativno u\u010dinkovitost.<\/p>\n            <\/div>\n                         <div class=\"credential-edc-exp-item\" data-aos=\"zoom-in\">\n                <h4>2018 - Present<\/h4>\n                <h3>Freelancer<\/h3>\n                <h5>Web development, Design, UX<\/h5>\n                <p>Pridobil sem izku\u0161nje pri samostojnem ustvarjanju sistemov CMS v vseh fazah razvoja, pri \u010demer sem se ukvarjal z razvojem celotnega sistema ter oblikovanjem celovitih vizualnih identitet in spletnih vmesnikov. Znanja, ki sem jih pridobil, vklju\u010dujejo samostojno delo na vseh stopnjah razvoja spletnih aplikacij, sre\u010danja s strankami, da bi ugotovil njihove potrebe, na\u010drtovanje funkcionalnosti in vmesnikov, oblikovanje okvirjev in postavitev spletnih strani, upravljanje stre\u017eni\u0161kih nalog, kot so varnostne kopije, namestitve in posodobitve, ter upravljanje domen, gostovanje in vzdr\u017eevanje spletnih strani. Razvil sem poglobljeno znanje jezikov PHP, JavaScript, CSS in funkcij, zna\u010dilnih za WordPress, ter postal ve\u0161\u010d poizvedb SQL. Ustvaril sem tudi prilagojene sisteme CMS in stranke usposabljal za njihovo uporabo, se nau\u010dil uporabljati sklad MERN, optimiziral hitrost in CSS, odpravljal te\u017eave, razvijal odzivne oblike, integriral razli\u010dne vti\u010dnike, pla\u010dilne sisteme in vmesnike API ter opravljal prevode.<\/p>\n            <\/div>\n                     <\/div>\n\n        <div class=\"credential-edc-exp credential-education\">\n            <h2 data-aos=\"fade-up\">Education<\/h2>\n                            <div class=\"credential-edc-exp-item\" data-aos=\"zoom-in\">\n                <h4>2013 - 2018<\/h4>\n                <h3>Faculty of Computer Science and Informatics<\/h3>\n                <h5>University of Ljubljana<\/h5>\n                <p>Diplomiral sem na Fakulteti za ra\u010dunalni\u0161tvo in informatiko v Ljubljani. Med \u0161tudijem sem sodeloval pri razli\u010dnih projektih, ki so obogatili moje znanje in ve\u0161\u010dine na tem podro\u010dju.\n\nMed pomembnej\u0161imi projekti so npr:\n\nAplikacija za Android za \u0161tetje kart Tarok: Razvil sem intuitivno aplikacijo za ro\u010dno \u0161tetje v igri Tarok, s \u010dimer sem izbolj\u0161al svoje ve\u0161\u010dine mobilnega razvoja in oblikovanja uporabni\u0161kega vmesnika.\n\nSpletna aplikacija za u\u010denje geografije: Ustvaril sem platformo, ki temelji na kvizih in omogo\u010da la\u017eje u\u010denje geografije, s \u010dimer sem pridobil izku\u0161nje na podro\u010dju spletnega razvoja in izobra\u017eevalne tehnologije.\n\nAnaliza UX\/UI: Pridobil sem vpogled v na\u010dela oblikovanja UX\/UI in izbolj\u0161al digitalne vmesnike za ve\u010dje zadovoljstvo uporabnikov.<\/p>\n            <\/div>\n                    <\/div>\n\n        <div class=\"skills-wrap\">\n            <h2 data-aos=\"fade-up\">Skills<\/h2>\n            <div class=\"d-grid skill-items gap-24 flex-wrap\">\n                                <div class=\"skill-item\" data-aos=\"zoom-in\">\n                    <span class=\"percent\">85%<\/span>\n                    <h3 class=\"name\">JavaScript<\/h3>\n                    <p><\/p>\n                <\/div>\n                             <div class=\"skill-item\" data-aos=\"zoom-in\">\n                    <span class=\"percent\">90%<\/span>\n                    <h3 class=\"name\">PHP<\/h3>\n                    <p><\/p>\n                <\/div>\n                             <div class=\"skill-item\" data-aos=\"zoom-in\">\n                    <span class=\"percent\">86%<\/span>\n                    <h3 class=\"name\">Git<\/h3>\n                    <p><\/p>\n                <\/div>\n                             <div class=\"skill-item\" data-aos=\"zoom-in\">\n                    <span class=\"percent\">94%<\/span>\n                    <h3 class=\"name\">WordPress<\/h3>\n                    <p><\/p>\n                <\/div>\n                             <div class=\"skill-item\" data-aos=\"zoom-in\">\n                    <span class=\"percent\">62%<\/span>\n                    <h3 class=\"name\">React<\/h3>\n                    <p><\/p>\n                <\/div>\n                             <div class=\"skill-item\" data-aos=\"zoom-in\">\n                    <span class=\"percent\">87%<\/span>\n                    <h3 class=\"name\">Adobe XD<\/h3>\n                    <p><\/p>\n                <\/div>\n                             <div class=\"skill-item\" data-aos=\"zoom-in\">\n                    <span class=\"percent\">94%<\/span>\n                    <h3 class=\"name\">Adobe Illustrator<\/h3>\n                    <p><\/p>\n                <\/div>\n                             <div class=\"skill-item\" data-aos=\"zoom-in\">\n                    <span class=\"percent\">82%<\/span>\n                    <h3 class=\"name\">Adobe Photoshop<\/h3>\n                    <p><\/p>\n                <\/div>\n                         <\/div>\n        <\/div>\n\n        <div class=\"skills-wrap awards-wrap\">\n            <h2 data-aos=\"fade-up\"><\/h2>\n            <div class=\"d-grid skill-items gap-24 flex-wrap\">\n                                <div class=\"skill-item\" data-aos=\"zoom-in\">\n                    <span class=\"percent\"><\/span>\n                    <h3 class=\"name\"><\/h3>\n                    <p><\/p>\n                <\/div>\n                           <\/div>\n        <\/div>\n    <\/div>\n\n\n    <script>\n    AOS.init({\n        duration: 1500,\n        once: true,\n\n    });<\/script>      \n\n    \t\t<\/div>\n\t\t\t\t<\/div>\n\t\t\t\t\t<\/div>\n\t\t<\/div>\n\t\t\t\t\t<\/div>\n\t\t<\/section>\n\t\t\t\t<\/div>","protected":false},"excerpt":{"rendered":"<p>About Me I&#8217;m Miha, a passionate web developer and designer dedicated to bringing your digital dreams to life. With years of experience in the industry, I have honed my skills in creating visually stunning and highly functional websites that make a lasting impact. I also collaborate with other talented programmers, designers, and trusted marketing professionals [&hellip;]<\/p>","protected":false},"author":1,"featured_media":0,"parent":0,"menu_order":0,"comment_status":"closed","ping_status":"closed","template":"page-templates\/main-credential.php","meta":{"_acf_changed":false,"footnotes":""},"class_list":["post-1065","page","type-page","status-publish","hentry"],"acf":[],"yoast_head":"<!-- This site is optimized with the Yoast SEO plugin v25.9 - https:\/\/yoast.com\/wordpress\/plugins\/seo\/ -->\n<title>CREDENTIALS PAGE - Spletna Izdelava<\/title>\n<meta name=\"robots\" content=\"index, follow, max-snippet:-1, max-image-preview:large, max-video-preview:-1\" \/>\n<link rel=\"canonical\" href=\"https:\/\/spletna-izdelava.si\/sl\/credentials\/\" \/>\n<meta property=\"og:locale\" content=\"sl_SI\" \/>\n<meta property=\"og:type\" content=\"article\" \/>\n<meta property=\"og:title\" content=\"CREDENTIALS PAGE - Spletna Izdelava\" \/>\n<meta property=\"og:description\" content=\"About Me I&#8217;m Miha, a passionate web developer and designer dedicated to bringing your digital dreams to life. With years of experience in the industry, I have honed my skills in creating visually stunning and highly functional websites that make a lasting impact. I also collaborate with other talented programmers, designers, and trusted marketing professionals [&hellip;]\" \/>\n<meta property=\"og:url\" content=\"https:\/\/spletna-izdelava.si\/sl\/credentials\/\" \/>\n<meta property=\"og:site_name\" content=\"Spletna Izdelava\" \/>\n<meta property=\"article:modified_time\" content=\"2024-10-17T10:05:13+00:00\" \/>\n<meta name=\"twitter:card\" content=\"summary_large_image\" \/>\n<meta name=\"twitter:label1\" content=\"Est. reading time\" \/>\n\t<meta name=\"twitter:data1\" content=\"4 minute\" \/>\n<script type=\"application\/ld+json\" class=\"yoast-schema-graph\">{\"@context\":\"https:\/\/schema.org\",\"@graph\":[{\"@type\":\"WebPage\",\"@id\":\"https:\/\/spletna-izdelava.si\/credentials\/\",\"url\":\"https:\/\/spletna-izdelava.si\/credentials\/\",\"name\":\"CREDENTIALS PAGE - Spletna Izdelava\",\"isPartOf\":{\"@id\":\"https:\/\/spletna-izdelava.si\/#website\"},\"datePublished\":\"2023-04-13T10:43:01+00:00\",\"dateModified\":\"2024-10-17T10:05:13+00:00\",\"breadcrumb\":{\"@id\":\"https:\/\/spletna-izdelava.si\/credentials\/#breadcrumb\"},\"inLanguage\":\"sl-SI\",\"potentialAction\":[{\"@type\":\"ReadAction\",\"target\":[\"https:\/\/spletna-izdelava.si\/credentials\/\"]}]},{\"@type\":\"BreadcrumbList\",\"@id\":\"https:\/\/spletna-izdelava.si\/credentials\/#breadcrumb\",\"itemListElement\":[{\"@type\":\"ListItem\",\"position\":1,\"name\":\"Home\",\"item\":\"https:\/\/spletna-izdelava.si\/\"},{\"@type\":\"ListItem\",\"position\":2,\"name\":\"CREDENTIALS PAGE\"}]},{\"@type\":\"WebSite\",\"@id\":\"https:\/\/spletna-izdelava.si\/#website\",\"url\":\"https:\/\/spletna-izdelava.si\/\",\"name\":\"Spletna Izdelava\",\"description\":\"Full Stack Web Development\",\"publisher\":{\"@id\":\"https:\/\/spletna-izdelava.si\/#organization\"},\"potentialAction\":[{\"@type\":\"SearchAction\",\"target\":{\"@type\":\"EntryPoint\",\"urlTemplate\":\"https:\/\/spletna-izdelava.si\/?s={search_term_string}\"},\"query-input\":{\"@type\":\"PropertyValueSpecification\",\"valueRequired\":true,\"valueName\":\"search_term_string\"}}],\"inLanguage\":\"sl-SI\"},{\"@type\":\"Organization\",\"@id\":\"https:\/\/spletna-izdelava.si\/#organization\",\"name\":\"Spletna Izdelava\",\"url\":\"https:\/\/spletna-izdelava.si\/\",\"logo\":{\"@type\":\"ImageObject\",\"inLanguage\":\"sl-SI\",\"@id\":\"https:\/\/spletna-izdelava.si\/#\/schema\/logo\/image\/\",\"url\":\"https:\/\/spletna-izdelava.si\/wp-content\/uploads\/2024\/05\/Asset-2owl-tribe-logo.png\",\"contentUrl\":\"https:\/\/spletna-izdelava.si\/wp-content\/uploads\/2024\/05\/Asset-2owl-tribe-logo.png\",\"width\":66,\"height\":64,\"caption\":\"Spletna Izdelava\"},\"image\":{\"@id\":\"https:\/\/spletna-izdelava.si\/#\/schema\/logo\/image\/\"}}]}<\/script>\n<!-- \/ Yoast SEO plugin. -->","yoast_head_json":{"title":"CREDENTIALS PAGE - Spletna Izdelava","robots":{"index":"index","follow":"follow","max-snippet":"max-snippet:-1","max-image-preview":"max-image-preview:large","max-video-preview":"max-video-preview:-1"},"canonical":"https:\/\/spletna-izdelava.si\/sl\/credentials\/","og_locale":"sl_SI","og_type":"article","og_title":"CREDENTIALS PAGE - Spletna Izdelava","og_description":"About Me I&#8217;m Miha, a passionate web developer and designer dedicated to bringing your digital dreams to life. With years of experience in the industry, I have honed my skills in creating visually stunning and highly functional websites that make a lasting impact. I also collaborate with other talented programmers, designers, and trusted marketing professionals [&hellip;]","og_url":"https:\/\/spletna-izdelava.si\/sl\/credentials\/","og_site_name":"Spletna Izdelava","article_modified_time":"2024-10-17T10:05:13+00:00","twitter_card":"summary_large_image","twitter_misc":{"Est. reading time":"4 minute"},"schema":{"@context":"https:\/\/schema.org","@graph":[{"@type":"WebPage","@id":"https:\/\/spletna-izdelava.si\/credentials\/","url":"https:\/\/spletna-izdelava.si\/credentials\/","name":"CREDENTIALS PAGE - Spletna Izdelava","isPartOf":{"@id":"https:\/\/spletna-izdelava.si\/#website"},"datePublished":"2023-04-13T10:43:01+00:00","dateModified":"2024-10-17T10:05:13+00:00","breadcrumb":{"@id":"https:\/\/spletna-izdelava.si\/credentials\/#breadcrumb"},"inLanguage":"sl-SI","potentialAction":[{"@type":"ReadAction","target":["https:\/\/spletna-izdelava.si\/credentials\/"]}]},{"@type":"BreadcrumbList","@id":"https:\/\/spletna-izdelava.si\/credentials\/#breadcrumb","itemListElement":[{"@type":"ListItem","position":1,"name":"Home","item":"https:\/\/spletna-izdelava.si\/"},{"@type":"ListItem","position":2,"name":"CREDENTIALS PAGE"}]},{"@type":"WebSite","@id":"https:\/\/spletna-izdelava.si\/#website","url":"https:\/\/spletna-izdelava.si\/","name":"Spletna Izdelava","description":"Full Stack Web Development","publisher":{"@id":"https:\/\/spletna-izdelava.si\/#organization"},"potentialAction":[{"@type":"SearchAction","target":{"@type":"EntryPoint","urlTemplate":"https:\/\/spletna-izdelava.si\/?s={search_term_string}"},"query-input":{"@type":"PropertyValueSpecification","valueRequired":true,"valueName":"search_term_string"}}],"inLanguage":"sl-SI"},{"@type":"Organization","@id":"https:\/\/spletna-izdelava.si\/#organization","name":"Spletna Izdelava","url":"https:\/\/spletna-izdelava.si\/","logo":{"@type":"ImageObject","inLanguage":"sl-SI","@id":"https:\/\/spletna-izdelava.si\/#\/schema\/logo\/image\/","url":"https:\/\/spletna-izdelava.si\/wp-content\/uploads\/2024\/05\/Asset-2owl-tribe-logo.png","contentUrl":"https:\/\/spletna-izdelava.si\/wp-content\/uploads\/2024\/05\/Asset-2owl-tribe-logo.png","width":66,"height":64,"caption":"Spletna Izdelava"},"image":{"@id":"https:\/\/spletna-izdelava.si\/#\/schema\/logo\/image\/"}}]}},"_links":{"self":[{"href":"https:\/\/spletna-izdelava.si\/sl\/wp-json\/wp\/v2\/pages\/1065","targetHints":{"allow":["GET"]}}],"collection":[{"href":"https:\/\/spletna-izdelava.si\/sl\/wp-json\/wp\/v2\/pages"}],"about":[{"href":"https:\/\/spletna-izdelava.si\/sl\/wp-json\/wp\/v2\/types\/page"}],"author":[{"embeddable":true,"href":"https:\/\/spletna-izdelava.si\/sl\/wp-json\/wp\/v2\/users\/1"}],"replies":[{"embeddable":true,"href":"https:\/\/spletna-izdelava.si\/sl\/wp-json\/wp\/v2\/comments?post=1065"}],"version-history":[{"count":40,"href":"https:\/\/spletna-izdelava.si\/sl\/wp-json\/wp\/v2\/pages\/1065\/revisions"}],"predecessor-version":[{"id":3784,"href":"https:\/\/spletna-izdelava.si\/sl\/wp-json\/wp\/v2\/pages\/1065\/revisions\/3784"}],"wp:attachment":[{"href":"https:\/\/spletna-izdelava.si\/sl\/wp-json\/wp\/v2\/media?parent=1065"}],"curies":[{"name":"wp","href":"https:\/\/api.w.org\/{rel}","templated":true}]}}